{"id":9,"date":"2024-06-07T22:30:22","date_gmt":"2024-06-08T01:30:22","guid":{"rendered":"https:\/\/natalianemepsi.com.br\/?page_id=9"},"modified":"2024-07-02T15:20:23","modified_gmt":"2024-07-02T18:20:23","slug":"home","status":"publish","type":"page","link":"https:\/\/natalianemepsi.com.br\/","title":{"rendered":"Quando procurar um psic\u00f3logo?"},"content":{"rendered":"\n<p><\/p>\n\n\n\n<p>O processo terap\u00eautico deve ser entendido como um processo de autoconhecimento, necess\u00e1rio para reconhecer pensamentos e emo\u00e7\u00f5es que impactam e podem prejudicar a constru\u00e7\u00e3o de identidade durante os desafios di\u00e1rios.<\/p>\n\n\n\n<p>Sendo assim, a terapia \u00e9 indicada para todos aqueles que desejam uma vida mais leve e significativa, incidindo em \u00e1reas importantes, como carreira, relacionamentos \u00edntimos e sociais, desenvolvimento pessoal ou at\u00e9 mesmo na cria\u00e7\u00e3o de h\u00e1bitos saud\u00e1veis.<\/p>\n\n\n\n<p>Se voc\u00ea:<\/p>\n\n\n\n<ul class=\"wp-block-list\">\n<li>Tem baixa autoestima ou se sente prejudicado pela inseguran\u00e7a;<\/li>\n\n\n\n<li>Percebe preju\u00edzos significativos em suas rela\u00e7\u00f5es, ou n\u00e3o consegue manter relacionamentos saud\u00e1veis;<\/li>\n\n\n\n<li>Precisa melhorar seu desempenho profissional;<\/li>\n\n\n\n<li>Tem se sentido angustiado ou em sofrimento;<\/li>\n\n\n\n<li>Se sente ansioso e\/ou persistentemente preocupado;<\/li>\n\n\n\n<li>Sente necessidade de tra\u00e7ar metas e objetivos consistentes;<\/li>\n\n\n\n<li>N\u00e3o se sente capaz de deliberar ou fazer escolhas assertivas;<\/li>\n\n\n\n<li>Tem dificuldade de se comunicar ou expressar o que sente e pensa;<\/li>\n\n\n\n<li>Possui algum diagn\u00f3stico ou hip\u00f3tese diagn\u00f3stica de transtorno mental<\/li>\n<\/ul>\n\n\n\n<p class=\"has-text-align-center\">Procure um psic\u00f3logo!<\/p>\n\n\n\n<p><\/p>\n","protected":false},"excerpt":{"rendered":"<p>O processo terap\u00eautico deve ser entendido como um processo de autoconhecimento, necess\u00e1rio para reconhecer pensamentos e emo\u00e7\u00f5es que impactam e [&hellip;]<\/p>\n","protected":false},"author":1,"featured_media":0,"parent":0,"menu_order":0,"comment_status":"closed","ping_status":"closed","template":"","meta":{"footnotes":""},"class_list":["post-9","page","type-page","status-publish","hentry"],"acf":[],"_links":{"self":[{"href":"https:\/\/natalianemepsi.com.br\/index.php\/wp-json\/wp\/v2\/pages\/9","targetHints":{"allow":["GET"]}}],"collection":[{"href":"https:\/\/natalianemepsi.com.br\/index.php\/wp-json\/wp\/v2\/pages"}],"about":[{"href":"https:\/\/natalianemepsi.com.br\/index.php\/wp-json\/wp\/v2\/types\/page"}],"author":[{"embeddable":true,"href":"https:\/\/natalianemepsi.com.br\/index.php\/wp-json\/wp\/v2\/users\/1"}],"replies":[{"embeddable":true,"href":"https:\/\/natalianemepsi.com.br\/index.php\/wp-json\/wp\/v2\/comments?post=9"}],"version-history":[{"count":30,"href":"https:\/\/natalianemepsi.com.br\/index.php\/wp-json\/wp\/v2\/pages\/9\/revisions"}],"predecessor-version":[{"id":56,"href":"https:\/\/natalianemepsi.com.br\/index.php\/wp-json\/wp\/v2\/pages\/9\/revisions\/56"}],"wp:attachment":[{"href":"https:\/\/natalianemepsi.com.br\/index.php\/wp-json\/wp\/v2\/media?parent=9"}],"curies":[{"name":"wp","href":"https:\/\/api.w.org\/{rel}","templated":true}]}}